{"id":610,"date":"2022-06-10T19:22:54","date_gmt":"2022-06-10T19:22:54","guid":{"rendered":"https:\/\/demo.themedraft.net\/wp\/doctio\/?page_id=610"},"modified":"2025-06-02T02:49:28","modified_gmt":"2025-06-02T02:49:28","slug":"oncologia","status":"publish","type":"page","link":"https:\/\/www.ginecologiayoncologia.com\/pag\/oncologia\/","title":{"rendered":"Oncolog\u00eda"},"content":{"rendered":"\t\t<div data-elementor-type=\"wp-page\" data-elementor-id=\"610\" class=\"elementor elementor-610\">\n\t\t\t\t\t\t<section class=\"elementor-section elementor-top-section elementor-element elementor-element-39deee15 elementor-section-stretched elementor-section-boxed elementor-section-height-default elementor-section-height-default\" data-id=\"39deee15\" data-element_type=\"section\" data-e-type=\"section\" data-settings=\"{&quot;stretch_section&quot;:&quot;section-stretched&quot;}\">\n\t\t\t\t\t\t<div class=\"elementor-container elementor-column-gap-default\">\n\t\t\t\t\t<div class=\"elementor-column elementor-col-50 elementor-top-column elementor-element elementor-element-1293cc86\" data-id=\"1293cc86\" data-element_type=\"column\" data-e-type=\"column\">\n\t\t\t<div class=\"elementor-widget-wrap elementor-element-populated\">\n\t\t\t\t\t\t<div class=\"elementor-element elementor-element-3fb47534 elementor-widget elementor-widget-themedraft_section_title\" data-id=\"3fb47534\" data-element_type=\"widget\" data-e-type=\"widget\" data-widget_type=\"themedraft_section_title.default\">\n\t\t\t\t<div class=\"elementor-widget-container\">\n\t\t\t\t\t\n\t\t<div class=\"td-section-title-wrapper\">\n            <div class=\"td-section-title-content td-secondary-font\">\n                                    <div class=\"td-section-title-bg-text\">\n                        Prevenci\u00f3n                    <\/div>\n                \n                                    <div class=\"td-section-subtitle td-primary-color\">\n                        Por que es importante la                    <\/div>\n                \n                                    <div class=\"td-section-title\">\n                        <h2>Prevenci\u00f3n y Diagn\u00f3stico Temprano<\/h2>                    <\/div>\n                                        <div class=\"title-bottom-line\" style=\"background-image: url(https:\/\/demo.themedraft.net\/wp\/doctio\/wp-content\/uploads\/2022\/06\/line-1.png)\"><\/div>\n                                                <\/div>\n\t\t<\/div>\n\t\t\t\t\t\t<\/div>\n\t\t\t\t<\/div>\n\t\t\t\t<div class=\"elementor-element elementor-element-7e185a68 elementor-widget elementor-widget-themedraft_text\" data-id=\"7e185a68\" data-element_type=\"widget\" data-e-type=\"widget\" data-widget_type=\"themedraft_text.default\">\n\t\t\t\t<div class=\"elementor-widget-container\">\n\t\t\t\t\t\n\t\t<div class=\"td-text-wrapper\">\n\t\t\t<p>Realizamos diferentes tipos de biopsias con el objetivo de detectar oportunamente lesiones precursoras o malignas, lo que permite definir el tratamiento adecuado de forma temprana y precisa:<\/p><p>\u00a0<\/p><p><strong>C\u00e9rvix:<\/strong> En casos de lesiones de alto grado o sospecha de c\u00e1ncer c\u00e9rvico-uterino observadas mediante colposcopia, se realiza biopsia dirigida para confirmar el diagn\u00f3stico y valorar tratamiento quir\u00fargico.<\/p><p>Endometrio: Biopsias indicadas ante sospecha de c\u00e1ncer endometrial o hiperplasias, consideradas lesiones precursoras.<\/p><p><strong>Mama:<\/strong> Se efect\u00faan biopsias con aguja gruesa, biopsias guiadas por imagen o biopsia por aspiraci\u00f3n con aguja fina (BAAF), orientadas a identificar lesiones sospechosas de c\u00e1ncer o condiciones pre-neopl\u00e1sicas.<\/p><p><strong>Vulva:<\/strong> Biopsias en lesiones sugestivas de c\u00e1ncer vulvar o lesiones premalignas.<\/p><p><strong>Vagina:<\/strong> Toma de biopsia ante sospecha cl\u00ednica de c\u00e1ncer vaginal.<\/p><p><strong>Ovario:<\/strong> Se realizan biopsias guiadas por ultrasonido cuando existe sospecha de c\u00e1ncer ov\u00e1rico.<\/p><p><strong>Piel:<\/strong> Biopsias de lesiones cut\u00e1neas con sospecha de melanoma o c\u00e1ncer de piel.<\/p><p><strong>Tejidos blandos:<\/strong> Biopsias dirigidas a masas o tumores en tejidos blandos para diagn\u00f3stico de sarcomas u otras neoplasias.<\/p>\n            \t\t<\/div>\n\n\t\t\t\t\t\t<\/div>\n\t\t\t\t<\/div>\n\t\t\t\t\t<\/div>\n\t\t<\/div>\n\t\t\t\t<div class=\"elementor-column elementor-col-50 elementor-top-column elementor-element elementor-element-5a570c1\" data-id=\"5a570c1\" data-element_type=\"column\" data-e-type=\"column\">\n\t\t\t<div class=\"elementor-widget-wrap elementor-element-populated\">\n\t\t\t\t\t\t<div class=\"elementor-element elementor-element-bc8cb69 elementor-widget elementor-widget-themedraft_section_title\" data-id=\"bc8cb69\" data-element_type=\"widget\" data-e-type=\"widget\" data-widget_type=\"themedraft_section_title.default\">\n\t\t\t\t<div class=\"elementor-widget-container\">\n\t\t\t\t\t\n\t\t<div class=\"td-section-title-wrapper\">\n            <div class=\"td-section-title-content td-secondary-font\">\n                                    <div class=\"td-section-title-bg-text\">\n                        Faqs                    <\/div>\n                \n                                    <div class=\"td-section-subtitle td-primary-color\">\n                        Tipos de canceres                    <\/div>\n                \n                                    <div class=\"td-section-title\">\n                        <h2>C\u00e1nceres tratables<\/h2>                    <\/div>\n                                        <div class=\"title-bottom-line\" style=\"background-image: url(https:\/\/demo.themedraft.net\/wp\/doctio\/wp-content\/uploads\/2022\/06\/line-1.png)\"><\/div>\n                                                <\/div>\n\t\t<\/div>\n\t\t\t\t\t\t<\/div>\n\t\t\t\t<\/div>\n\t\t\t\t<div class=\"elementor-element elementor-element-61c2250 elementor-widget elementor-widget-themeDraft_accordion\" data-id=\"61c2250\" data-element_type=\"widget\" data-e-type=\"widget\" data-widget_type=\"themeDraft_accordion.default\">\n\t\t\t\t<div class=\"elementor-widget-container\">\n\t\t\t\t\t        <div class=\"td-accordion-wrapper td-accordion-wrapper-56712\">\n            <div class=\"accordion\" id=\"td-accordion-56712\">\n\n\t\t\t\t                        <div class=\"accordion-item\">\n                            <h2 class=\"accordion-header\">\n                                <button class=\"accordion-button \" type=\"button\" data-bs-toggle=\"collapse\" data-bs-target=\"#collapse-156712\" aria-expanded=\"true\" aria-controls=\"collapse-156712\">\n\t\t\t\t\t\t\t\t\t01. C\u00e1ncer Ginecol\u00f3gico                                <\/button>\n                            <\/h2>\n\n                            <div id=\"collapse-156712\" class=\"accordion-collapse collapse show\" data-bs-parent=\"#td-accordion-56712\">\n                                <div class=\"accordion-body\">\n\t\t\t\t\t\t\t\t\t<ul><li>C\u00e1ncer de c\u00e9rvix (cuello uterino)<\/li><li>C\u00e1ncer de endometrio<\/li><li>C\u00e1ncer de ovario (incluye tumores lim\u00edtrofes)<\/li><li>C\u00e1ncer de vulva<\/li><li>C\u00e1ncer de vagina<\/li><\/ul>                                <\/div>\n                            <\/div>\n                        <\/div>\n\t\t\t\t\t\t                        <div class=\"accordion-item\">\n                            <h2 class=\"accordion-header\">\n                                <button class=\"accordion-button collapsed\" type=\"button\" data-bs-toggle=\"collapse\" data-bs-target=\"#collapse-256712\" aria-expanded=\"false\" aria-controls=\"collapse-256712\">\n\t\t\t\t\t\t\t\t\t02. Sarcomas                                <\/button>\n                            <\/h2>\n\n                            <div id=\"collapse-256712\" class=\"accordion-collapse collapse \" data-bs-parent=\"#td-accordion-56712\">\n                                <div class=\"accordion-body\">\n\t\t\t\t\t\t\t\t\t<ul><li>Sarcomas uterinos (incluyendo sarcomas de endometrio)<\/li><li>Sarcomas retroperitoneales<\/li><li>Sarcomas de partes blandas<\/li><\/ul>                                <\/div>\n                            <\/div>\n                        <\/div>\n\t\t\t\t\t\t                        <div class=\"accordion-item\">\n                            <h2 class=\"accordion-header\">\n                                <button class=\"accordion-button collapsed\" type=\"button\" data-bs-toggle=\"collapse\" data-bs-target=\"#collapse-356712\" aria-expanded=\"false\" aria-controls=\"collapse-356712\">\n\t\t\t\t\t\t\t\t\t03. C\u00e1ncer  de mama                                <\/button>\n                            <\/h2>\n\n                            <div id=\"collapse-356712\" class=\"accordion-collapse collapse \" data-bs-parent=\"#td-accordion-56712\">\n                                <div class=\"accordion-body\">\n\t\t\t\t\t\t\t\t\t<ul><li>Ofrezco opciones quir\u00fargicas que priorizan la salud y la est\u00e9tica de la paciente, incluyendo reconstrucci\u00f3n mamaria con implantes despu\u00e9s de la cirug\u00eda, en los casos en que sea posible.<\/li><li>\u00a0<\/li><\/ul>                                <\/div>\n                            <\/div>\n                        <\/div>\n\t\t\t\t\t\t                        <div class=\"accordion-item\">\n                            <h2 class=\"accordion-header\">\n                                <button class=\"accordion-button collapsed\" type=\"button\" data-bs-toggle=\"collapse\" data-bs-target=\"#collapse-456712\" aria-expanded=\"false\" aria-controls=\"collapse-456712\">\n\t\t\t\t\t\t\t\t\t04. Otros tipos de C\u00e1ncer Tratados                                <\/button>\n                            <\/h2>\n\n                            <div id=\"collapse-456712\" class=\"accordion-collapse collapse \" data-bs-parent=\"#td-accordion-56712\">\n                                <div class=\"accordion-body\">\n\t\t\t\t\t\t\t\t\t<ul><li>Melanoma<\/li><li>Tumores benignos de mama como fibroadenomas, tumores Phyllodes y mastitis, que requieren un manejo especializado y pocas veces son tratados por m\u00e9dicos no onc\u00f3logos.<\/li><\/ul>                                <\/div>\n                            <\/div>\n                        <\/div>\n\t\t\t\t\t\t                        <div class=\"accordion-item\">\n                            <h2 class=\"accordion-header\">\n                                <button class=\"accordion-button collapsed\" type=\"button\" data-bs-toggle=\"collapse\" data-bs-target=\"#collapse-556712\" aria-expanded=\"false\" aria-controls=\"collapse-556712\">\n\t\t\t\t\t\t\t\t\t05. Evaluaci\u00f3n de estudios                                <\/button>\n                            <\/h2>\n\n                            <div id=\"collapse-556712\" class=\"accordion-collapse collapse \" data-bs-parent=\"#td-accordion-56712\">\n                                <div class=\"accordion-body\">\n\t\t\t\t\t\t\t\t\t<ul><li><ul><li>Incluye tratamientos como quimioterapia, radioterapia y hormonoterapia, administrados antes (neoadyuvante) o despu\u00e9s (adyuvante) de la cirug\u00eda, con el objetivo de reducir el tumor, mejorar los resultados quir\u00fargicos y prevenir recurrencias.<\/li><li>Tambi\u00e9n se realiza un seguimiento oncol\u00f3gico posterior a la cirug\u00eda, enfocado en la detecci\u00f3n temprana de recurrencias y el mantenimiento de la salud general de la paciente.<\/li><li>En muchos casos, existe la posibilidad de preservar la fertilidad mediante un manejo conservador cuidadosamente planificado, sin comprometer la seguridad oncol\u00f3gica.<\/li><li>\u00a0<\/li><\/ul><p>\u2022<b>Cada caso es evaluado de forma individual para ofrecer un tratamiento integral, humano y basado en evidencia.<\/b><\/p><\/li><\/ul>                                <\/div>\n                            <\/div>\n                        <\/div>\n\t\t\t\t\t\t                        <div class=\"accordion-item\">\n                            <h2 class=\"accordion-header\">\n                                <button class=\"accordion-button collapsed\" type=\"button\" data-bs-toggle=\"collapse\" data-bs-target=\"#collapse-656712\" aria-expanded=\"false\" aria-controls=\"collapse-656712\">\n\t\t\t\t\t\t\t\t\t06. Terapia Adyuvante y Neoadyuvante en C\u00e1ncer                                <\/button>\n                            <\/h2>\n\n                            <div id=\"collapse-656712\" class=\"accordion-collapse collapse \" data-bs-parent=\"#td-accordion-56712\">\n                                <div class=\"accordion-body\">\n\t\t\t\t\t\t\t\t\t<ul><li>C\u00e1ncer de c\u00e9rvix (cuello uterino)<\/li><li>C\u00e1ncer de endometrio<\/li><li>C\u00e1ncer de ovario (incluye tumores lim\u00edtrofes)<\/li><li>C\u00e1ncer de vulva<\/li><li>C\u00e1ncer de vagina<\/li><\/ul>                                <\/div>\n                            <\/div>\n                        <\/div>\n\t\t\t\t\t\t            <\/div>\n        <\/div>\n\t\t\t\t\t\t<\/div>\n\t\t\t\t<\/div>\n\t\t\t\t\t<\/div>\n\t\t<\/div>\n\t\t\t\t\t<\/div>\n\t\t<\/section>\n\t\t\t\t<section class=\"elementor-section elementor-top-section elementor-element elementor-element-74518dff elementor-section-full_width elementor-section-stretched elementor-section-height-default elementor-section-height-default\" data-id=\"74518dff\" data-element_type=\"section\" data-e-type=\"section\" data-settings=\"{&quot;stretch_section&quot;:&quot;section-stretched&quot;,&quot;background_background&quot;:&quot;gradient&quot;}\">\n\t\t\t\t\t\t<div class=\"elementor-container elementor-column-gap-no\">\n\t\t\t\t\t<div class=\"elementor-column elementor-col-100 elementor-top-column elementor-element elementor-element-62f14d7d\" data-id=\"62f14d7d\" data-element_type=\"column\" data-e-type=\"column\">\n\t\t\t<div class=\"elementor-widget-wrap elementor-element-populated\">\n\t\t\t\t\t\t<div class=\"elementor-element elementor-element-9ceb342 elementor-widget elementor-widget-themedraft_cta_one\" data-id=\"9ceb342\" data-element_type=\"widget\" data-e-type=\"widget\" data-widget_type=\"themedraft_cta_one.default\">\n\t\t\t\t<div class=\"elementor-widget-container\">\n\t\t\t\t\t\t\t<div class=\"td-cta-one-wrapper td-primary-bg td-secondary-font\">\n\t\t\t<div class=\"container\">\n\t\t\t\t<div class=\"row\">\n\t\t\t\t\t<div class=\"col-12\">\n\t\t\t\t\t\t<div class=\"cta-one-text text-center\">\n\t\t\t\t\t\t\t<h4><strong>Entender el riesgo es el primer paso para cuidar de ti.<\/strong><\/h4><p>\u00a0<\/p><p>Por eso, brindamos acompa\u00f1amiento con consejer\u00eda gen\u00e9tica a quienes tienen antecedentes familiares de c\u00e1ncer. A trav\u00e9s de estudios como el panel gen\u00e9tico, podemos identificar riesgos hereditarios y, si es necesario, ofrecer cirug\u00edas preventivas una vez que hayas cumplido tus planes de maternidad o formado tu familia. Siempre respetando tus tiempos y decisiones, estamos para apoyarte.<\/p>\t\t\t\t\t\t<\/div>\n\t\t\t\t\t<\/div>\n\t\t\t\t<\/div>\n\t\t\t<\/div>\n\t\t<\/div>\n\t\t\t\t\t\t<\/div>\n\t\t\t\t<\/div>\n\t\t\t\t\t<\/div>\n\t\t<\/div>\n\t\t\t\t\t<\/div>\n\t\t<\/section>\n\t\t\t\t<\/div>\n\t\t","protected":false},"excerpt":{"rendered":"<p>Prevenci\u00f3n Por que es importante la Prevenci\u00f3n y Diagn\u00f3stico Temprano Realizamos diferentes tipos de biopsias con el objetivo de detectar oportunamente lesiones precursoras o malignas, lo que permite definir el tratamiento adecuado de forma temprana y precisa: \u00a0 C\u00e9rvix: En casos de lesiones de alto grado o sospecha de c\u00e1ncer c\u00e9rvico-uterino observadas mediante colposcopia, se [&hellip;]<\/p>\n","protected":false},"author":1,"featured_media":1213,"parent":0,"menu_order":0,"comment_status":"closed","ping_status":"closed","template":"","meta":{"footnotes":""},"class_list":["post-610","page","type-page","status-publish","has-post-thumbnail","hentry"],"_links":{"self":[{"href":"https:\/\/www.ginecologiayoncologia.com\/pag\/wp-json\/wp\/v2\/pages\/610","targetHints":{"allow":["GET"]}}],"collection":[{"href":"https:\/\/www.ginecologiayoncologia.com\/pag\/wp-json\/wp\/v2\/pages"}],"about":[{"href":"https:\/\/www.ginecologiayoncologia.com\/pag\/wp-json\/wp\/v2\/types\/page"}],"author":[{"embeddable":true,"href":"https:\/\/www.ginecologiayoncologia.com\/pag\/wp-json\/wp\/v2\/users\/1"}],"replies":[{"embeddable":true,"href":"https:\/\/www.ginecologiayoncologia.com\/pag\/wp-json\/wp\/v2\/comments?post=610"}],"version-history":[{"count":34,"href":"https:\/\/www.ginecologiayoncologia.com\/pag\/wp-json\/wp\/v2\/pages\/610\/revisions"}],"predecessor-version":[{"id":1252,"href":"https:\/\/www.ginecologiayoncologia.com\/pag\/wp-json\/wp\/v2\/pages\/610\/revisions\/1252"}],"wp:featuredmedia":[{"embeddable":true,"href":"https:\/\/www.ginecologiayoncologia.com\/pag\/wp-json\/wp\/v2\/media\/1213"}],"wp:attachment":[{"href":"https:\/\/www.ginecologiayoncologia.com\/pag\/wp-json\/wp\/v2\/media?parent=610"}],"curies":[{"name":"wp","href":"https:\/\/api.w.org\/{rel}","templated":true}]}}