{"id":1289,"date":"2025-06-02T04:41:37","date_gmt":"2025-06-02T04:41:37","guid":{"rendered":"https:\/\/www.ginecologiayoncologia.com\/pag\/?page_id=1289"},"modified":"2025-06-02T04:52:01","modified_gmt":"2025-06-02T04:52:01","slug":"obstetricia","status":"publish","type":"page","link":"https:\/\/www.ginecologiayoncologia.com\/pag\/obstetricia\/","title":{"rendered":"Obstetricia"},"content":{"rendered":"\t\t<div data-elementor-type=\"wp-page\" data-elementor-id=\"1289\" class=\"elementor elementor-1289\">\n\t\t\t\t\t\t<section class=\"elementor-section elementor-top-section elementor-element elementor-element-39deee15 elementor-section-stretched elementor-section-boxed elementor-section-height-default elementor-section-height-default\" data-id=\"39deee15\" data-element_type=\"section\" data-e-type=\"section\" data-settings=\"{&quot;stretch_section&quot;:&quot;section-stretched&quot;}\">\n\t\t\t\t\t\t<div class=\"elementor-container elementor-column-gap-default\">\n\t\t\t\t\t<div class=\"elementor-column elementor-col-50 elementor-top-column elementor-element elementor-element-1293cc86\" data-id=\"1293cc86\" data-element_type=\"column\" data-e-type=\"column\">\n\t\t\t<div class=\"elementor-widget-wrap elementor-element-populated\">\n\t\t\t\t\t\t<div class=\"elementor-element elementor-element-3fb47534 elementor-widget elementor-widget-themedraft_section_title\" data-id=\"3fb47534\" data-element_type=\"widget\" data-e-type=\"widget\" data-widget_type=\"themedraft_section_title.default\">\n\t\t\t\t<div class=\"elementor-widget-container\">\n\t\t\t\t\t\n\t\t<div class=\"td-section-title-wrapper\">\n            <div class=\"td-section-title-content td-secondary-font\">\n                                    <div class=\"td-section-title-bg-text\">\n                        Prevenci\u00f3n                    <\/div>\n                \n                                    <div class=\"td-section-subtitle td-primary-color\">\n                        Atenci\u00f3n oportuna                    <\/div>\n                \n                                    <div class=\"td-section-title\">\n                        <h1>OBSTETRICIA<\/h1>                    <\/div>\n                                        <div class=\"title-bottom-line\" style=\"background-image: url(https:\/\/www.ginecologiayoncologia.com\/pag\/wp-content\/uploads\/2025\/06\/line31.png)\"><\/div>\n                                                <\/div>\n\t\t<\/div>\n\t\t\t\t\t\t<\/div>\n\t\t\t\t<\/div>\n\t\t\t\t<div class=\"elementor-element elementor-element-7e185a68 elementor-widget elementor-widget-themedraft_text\" data-id=\"7e185a68\" data-element_type=\"widget\" data-e-type=\"widget\" data-widget_type=\"themedraft_text.default\">\n\t\t\t\t<div class=\"elementor-widget-container\">\n\t\t\t\t\t\n\t\t<div class=\"td-text-wrapper\">\n\t\t\t<p><strong>Parto vaginal<\/strong><\/p><p><strong>\u00a0<\/strong><\/p><p>Atenci\u00f3n del nacimiento por v\u00eda natural, priorizando la seguridad y el bienestar materno-fetal.<\/p><p><strong>Ces\u00e1rea<\/strong><\/p><p>Intervenci\u00f3n quir\u00fargica indicada cuando existen condiciones que impiden un parto vaginal seguro.<\/p><p><strong>Legrados y aspiraciones uterinas<\/strong><\/p><p>Procedimientos realizados en casos de aborto espont\u00e1neo o retenido, para evacuar el contenido uterino de forma segura.<\/p>\n            \t\t<\/div>\n\n\t\t\t\t\t\t<\/div>\n\t\t\t\t<\/div>\n\t\t\t\t\t<\/div>\n\t\t<\/div>\n\t\t\t\t<div class=\"elementor-column elementor-col-50 elementor-top-column elementor-element elementor-element-5a570c1\" data-id=\"5a570c1\" data-element_type=\"column\" data-e-type=\"column\">\n\t\t\t<div class=\"elementor-widget-wrap elementor-element-populated\">\n\t\t\t\t\t\t<div class=\"elementor-element elementor-element-bc8cb69 elementor-widget elementor-widget-themedraft_section_title\" data-id=\"bc8cb69\" data-element_type=\"widget\" data-e-type=\"widget\" data-widget_type=\"themedraft_section_title.default\">\n\t\t\t\t<div class=\"elementor-widget-container\">\n\t\t\t\t\t\n\t\t<div class=\"td-section-title-wrapper\">\n            <div class=\"td-section-title-content td-secondary-font\">\n                                    <div class=\"td-section-title-bg-text\">\n                        Faqs                    <\/div>\n                \n                \n                            <\/div>\n\t\t<\/div>\n\t\t\t\t\t\t<\/div>\n\t\t\t\t<\/div>\n\t\t\t\t<div class=\"elementor-element elementor-element-6956c36 elementor-widget elementor-widget-image\" data-id=\"6956c36\" data-element_type=\"widget\" data-e-type=\"widget\" data-widget_type=\"image.default\">\n\t\t\t\t<div class=\"elementor-widget-container\">\n\t\t\t\t\t\t\t\t\t\t\t\t\t\t\t<img fetchpriority=\"high\" decoding=\"async\" width=\"643\" height=\"289\" src=\"https:\/\/www.ginecologiayoncologia.com\/pag\/wp-content\/uploads\/2025\/06\/vorsorge-untersuchungen-schwangerschaft.webp\" class=\"attachment-large size-large wp-image-1295\" alt=\"\" srcset=\"https:\/\/www.ginecologiayoncologia.com\/pag\/wp-content\/uploads\/2025\/06\/vorsorge-untersuchungen-schwangerschaft.webp 643w, https:\/\/www.ginecologiayoncologia.com\/pag\/wp-content\/uploads\/2025\/06\/vorsorge-untersuchungen-schwangerschaft-300x135.webp 300w, https:\/\/www.ginecologiayoncologia.com\/pag\/wp-content\/uploads\/2025\/06\/vorsorge-untersuchungen-schwangerschaft-600x270.webp 600w\" sizes=\"(max-width: 643px) 100vw, 643px\" \/>\t\t\t\t\t\t\t\t\t\t\t\t\t\t\t<\/div>\n\t\t\t\t<\/div>\n\t\t\t\t\t<\/div>\n\t\t<\/div>\n\t\t\t\t\t<\/div>\n\t\t<\/section>\n\t\t\t\t<section class=\"elementor-section elementor-top-section elementor-element elementor-element-74518dff elementor-section-full_width elementor-section-stretched elementor-section-height-default elementor-section-height-default\" data-id=\"74518dff\" data-element_type=\"section\" data-e-type=\"section\" data-settings=\"{&quot;stretch_section&quot;:&quot;section-stretched&quot;,&quot;background_background&quot;:&quot;gradient&quot;}\">\n\t\t\t\t\t\t<div class=\"elementor-container elementor-column-gap-no\">\n\t\t\t\t\t<div class=\"elementor-column elementor-col-100 elementor-top-column elementor-element elementor-element-62f14d7d\" data-id=\"62f14d7d\" data-element_type=\"column\" data-e-type=\"column\">\n\t\t\t<div class=\"elementor-widget-wrap elementor-element-populated\">\n\t\t\t\t\t\t<div class=\"elementor-element elementor-element-9ceb342 elementor-widget elementor-widget-themedraft_cta_one\" data-id=\"9ceb342\" data-element_type=\"widget\" data-e-type=\"widget\" data-widget_type=\"themedraft_cta_one.default\">\n\t\t\t\t<div class=\"elementor-widget-container\">\n\t\t\t\t\t\t\t<div class=\"td-cta-one-wrapper td-primary-bg td-secondary-font\">\n\t\t\t<div class=\"container\">\n\t\t\t\t<div class=\"row\">\n\t\t\t\t\t<div class=\"col-12\">\n\t\t\t\t\t\t<div class=\"cta-one-text text-center\">\n\t\t\t\t\t\t\t<h1><strong>Planificaci\u00f3n familiar<\/strong><\/h1><p>\u2022<b>Asesor\u00eda y colocaci\u00f3n de m\u00e9todos anticonceptivos:<\/b><\/p><ul><li>Pastillas anticonceptivas<br \/>DIU (preferencia actual por dispositivos de plata o hormonales como Mirena, Kyleena, Jaydess)<br \/>Parches anticonceptivos<br \/>Implante subd\u00e9rmico (brazo<\/li><\/ul>\t\t\t\t\t\t<\/div>\n\t\t\t\t\t<\/div>\n\t\t\t\t<\/div>\n\t\t\t<\/div>\n\t\t<\/div>\n\t\t\t\t\t\t<\/div>\n\t\t\t\t<\/div>\n\t\t\t\t\t<\/div>\n\t\t<\/div>\n\t\t\t\t\t<\/div>\n\t\t<\/section>\n\t\t\t\t<section class=\"elementor-section elementor-top-section elementor-element elementor-element-f55a8fd elementor-section-full_width elementor-section-stretched elementor-section-height-default elementor-section-height-default\" data-id=\"f55a8fd\" data-element_type=\"section\" data-e-type=\"section\" data-settings=\"{&quot;stretch_section&quot;:&quot;section-stretched&quot;,&quot;background_background&quot;:&quot;classic&quot;}\">\n\t\t\t\t\t\t<div class=\"elementor-container elementor-column-gap-no\">\n\t\t\t\t\t<div class=\"elementor-column elementor-col-100 elementor-top-column elementor-element elementor-element-a98166b\" data-id=\"a98166b\" data-element_type=\"column\" data-e-type=\"column\">\n\t\t\t<div class=\"elementor-widget-wrap elementor-element-populated\">\n\t\t\t\t\t\t<div class=\"elementor-element elementor-element-a90551e elementor-widget elementor-widget-themedraft_cta_one\" data-id=\"a90551e\" data-element_type=\"widget\" data-e-type=\"widget\" data-widget_type=\"themedraft_cta_one.default\">\n\t\t\t\t<div class=\"elementor-widget-container\">\n\t\t\t\t\t\t\t<div class=\"td-cta-one-wrapper td-primary-bg td-secondary-font\">\n\t\t\t<div class=\"container\">\n\t\t\t\t<div class=\"row\">\n\t\t\t\t\t<div class=\"col-12\">\n\t\t\t\t\t\t<div class=\"cta-one-text text-center\">\n\t\t\t\t\t\t\t\t\t\t\t\t\t<\/div>\n\t\t\t\t\t<\/div>\n\t\t\t\t<\/div>\n\t\t\t<\/div>\n\t\t<\/div>\n\t\t\t\t\t\t<\/div>\n\t\t\t\t<\/div>\n\t\t\t\t\t<\/div>\n\t\t<\/div>\n\t\t\t\t\t<\/div>\n\t\t<\/section>\n\t\t\t\t<section class=\"elementor-section elementor-top-section elementor-element elementor-element-611e392 elementor-section-full_width elementor-section-stretched elementor-section-height-default elementor-section-height-default\" data-id=\"611e392\" data-element_type=\"section\" data-e-type=\"section\" data-settings=\"{&quot;stretch_section&quot;:&quot;section-stretched&quot;,&quot;background_background&quot;:&quot;classic&quot;}\">\n\t\t\t\t\t\t<div class=\"elementor-container elementor-column-gap-no\">\n\t\t\t\t\t<div class=\"elementor-column elementor-col-100 elementor-top-column elementor-element elementor-element-ceb7fdb\" data-id=\"ceb7fdb\" data-element_type=\"column\" data-e-type=\"column\">\n\t\t\t<div class=\"elementor-widget-wrap elementor-element-populated\">\n\t\t\t\t\t\t<div class=\"elementor-element elementor-element-b07e283 elementor-widget elementor-widget-themedraft_cta_one\" data-id=\"b07e283\" data-element_type=\"widget\" data-e-type=\"widget\" data-widget_type=\"themedraft_cta_one.default\">\n\t\t\t\t<div class=\"elementor-widget-container\">\n\t\t\t\t\t\t\t<div class=\"td-cta-one-wrapper td-primary-bg td-secondary-font\">\n\t\t\t<div class=\"container\">\n\t\t\t\t<div class=\"row\">\n\t\t\t\t\t<div class=\"col-12\">\n\t\t\t\t\t\t<div class=\"cta-one-text text-center\">\n\t\t\t\t\t\t\t<h1><strong>Colposcopia y prevenci\u00f3n del c\u00e1ncer cervical<\/strong><\/h1><p>Diagn\u00f3stico y tratamiento de lesiones precursoras de c\u00e1ncer cervicouterino causadas por el virus del papiloma humano (VPH).<\/p><p>Seg\u00fan el grado de la lesi\u00f3n (alto o bajo), se pueden ofrecer procedimientos como:<\/p><ul><li style=\"text-align: left;\">L\u00e1ser cervical<\/li><li style=\"text-align: left;\">Esfer\u00f3lisis<\/li><li style=\"text-align: left;\">ASA (Ablaci\u00f3n con Asa)<\/li><li style=\"text-align: left;\">Conizaci\u00f3n cervical<\/li><\/ul>\t\t\t\t\t\t<\/div>\n\t\t\t\t\t<\/div>\n\t\t\t\t<\/div>\n\t\t\t<\/div>\n\t\t<\/div>\n\t\t\t\t\t\t<\/div>\n\t\t\t\t<\/div>\n\t\t\t\t\t<\/div>\n\t\t<\/div>\n\t\t\t\t\t<\/div>\n\t\t<\/section>\n\t\t\t\t<\/div>\n\t\t","protected":false},"excerpt":{"rendered":"<p>Prevenci\u00f3n Atenci\u00f3n oportuna OBSTETRICIA Parto vaginal \u00a0 Atenci\u00f3n del nacimiento por v\u00eda natural, priorizando la seguridad y el bienestar materno-fetal. Ces\u00e1rea Intervenci\u00f3n quir\u00fargica indicada cuando existen condiciones que impiden un parto vaginal seguro. Legrados y aspiraciones uterinas Procedimientos realizados en casos de aborto espont\u00e1neo o retenido, para evacuar el contenido uterino de forma segura. Faqs [&hellip;]<\/p>\n","protected":false},"author":1,"featured_media":1213,"parent":0,"menu_order":0,"comment_status":"closed","ping_status":"closed","template":"","meta":{"footnotes":""},"class_list":["post-1289","page","type-page","status-publish","has-post-thumbnail","hentry"],"_links":{"self":[{"href":"https:\/\/www.ginecologiayoncologia.com\/pag\/wp-json\/wp\/v2\/pages\/1289","targetHints":{"allow":["GET"]}}],"collection":[{"href":"https:\/\/www.ginecologiayoncologia.com\/pag\/wp-json\/wp\/v2\/pages"}],"about":[{"href":"https:\/\/www.ginecologiayoncologia.com\/pag\/wp-json\/wp\/v2\/types\/page"}],"author":[{"embeddable":true,"href":"https:\/\/www.ginecologiayoncologia.com\/pag\/wp-json\/wp\/v2\/users\/1"}],"replies":[{"embeddable":true,"href":"https:\/\/www.ginecologiayoncologia.com\/pag\/wp-json\/wp\/v2\/comments?post=1289"}],"version-history":[{"count":4,"href":"https:\/\/www.ginecologiayoncologia.com\/pag\/wp-json\/wp\/v2\/pages\/1289\/revisions"}],"predecessor-version":[{"id":1299,"href":"https:\/\/www.ginecologiayoncologia.com\/pag\/wp-json\/wp\/v2\/pages\/1289\/revisions\/1299"}],"wp:featuredmedia":[{"embeddable":true,"href":"https:\/\/www.ginecologiayoncologia.com\/pag\/wp-json\/wp\/v2\/media\/1213"}],"wp:attachment":[{"href":"https:\/\/www.ginecologiayoncologia.com\/pag\/wp-json\/wp\/v2\/media?parent=1289"}],"curies":[{"name":"wp","href":"https:\/\/api.w.org\/{rel}","templated":true}]}}