{"id":1253,"date":"2025-06-02T03:55:42","date_gmt":"2025-06-02T03:55:42","guid":{"rendered":"https:\/\/www.ginecologiayoncologia.com\/pag\/?page_id=1253"},"modified":"2025-06-02T05:32:57","modified_gmt":"2025-06-02T05:32:57","slug":"ginecologia","status":"publish","type":"page","link":"https:\/\/www.ginecologiayoncologia.com\/pag\/ginecologia\/","title":{"rendered":"Ginecolog\u00eda"},"content":{"rendered":"\t\t<div data-elementor-type=\"wp-page\" data-elementor-id=\"1253\" class=\"elementor elementor-1253\">\n\t\t\t\t\t\t<section class=\"elementor-section elementor-top-section elementor-element elementor-element-39deee15 elementor-section-stretched elementor-section-boxed elementor-section-height-default elementor-section-height-default\" data-id=\"39deee15\" data-element_type=\"section\" data-e-type=\"section\" data-settings=\"{&quot;stretch_section&quot;:&quot;section-stretched&quot;}\">\n\t\t\t\t\t\t<div class=\"elementor-container elementor-column-gap-default\">\n\t\t\t\t\t<div class=\"elementor-column elementor-col-50 elementor-top-column elementor-element elementor-element-1293cc86\" data-id=\"1293cc86\" data-element_type=\"column\" data-e-type=\"column\">\n\t\t\t<div class=\"elementor-widget-wrap elementor-element-populated\">\n\t\t\t\t\t\t<div class=\"elementor-element elementor-element-3fb47534 elementor-widget elementor-widget-themedraft_section_title\" data-id=\"3fb47534\" data-element_type=\"widget\" data-e-type=\"widget\" data-widget_type=\"themedraft_section_title.default\">\n\t\t\t\t<div class=\"elementor-widget-container\">\n\t\t\t\t\t\n\t\t<div class=\"td-section-title-wrapper\">\n            <div class=\"td-section-title-content td-secondary-font\">\n                \n                                    <div class=\"td-section-subtitle td-primary-color\">\n                        Por que es importante la                    <\/div>\n                \n                                    <div class=\"td-section-title\">\n                        Atenci\u00f3n integral a la salud de la mujer (no embarazada), con un enfoque quir\u00fargico y diagn\u00f3stico especializado. Los procedimientos m\u00e1s comunes incluyen:<h1>Cirug\u00edas ginecol\u00f3gicas:<\/h1>                    <\/div>\n                                        <div class=\"title-bottom-line\" style=\"background-image: url(https:\/\/www.ginecologiayoncologia.com\/pag\/wp-content\/uploads\/2025\/06\/line31.png)\"><\/div>\n                                                <\/div>\n\t\t<\/div>\n\t\t\t\t\t\t<\/div>\n\t\t\t\t<\/div>\n\t\t\t\t<div class=\"elementor-element elementor-element-7e185a68 elementor-widget elementor-widget-themedraft_text\" data-id=\"7e185a68\" data-element_type=\"widget\" data-e-type=\"widget\" data-widget_type=\"themedraft_text.default\">\n\t\t\t\t<div class=\"elementor-widget-container\">\n\t\t\t\t\t\n\t\t<div class=\"td-text-wrapper\">\n\t\t\t<ul><li>Histerectom\u00eda (retiro del \u00fatero): Indicada principalmente por miomas uterinos o sangrados irregulares, especialmente en mujeres postmenop\u00e1usicas.<ul><li>Ooforectom\u00eda (retiro de un ovario): Frecuente en casos de quistes ov\u00e1ricos.<\/li><li>Salpingooforectom\u00eda (retiro de ovario y trompa de Falopio): Indicada por tumores ov\u00e1ricos, endometriosis o embarazos ect\u00f3picos.<\/li><li>Miomectom\u00eda (retiro de miomas conservando el \u00fatero): Recomendada en pacientes con deseo de embarazo o sangrados abundantes causados por miomas.<\/li><li>Cistectom\u00eda ov\u00e1rica: Resecci\u00f3n de tumores benignos de ovario conservando el \u00f3rgano.<\/li><li>Oclusi\u00f3n tub\u00e1rica bilateral: M\u00e9todo definitivo de planificaci\u00f3n familiar.<\/li><li>Laparotom\u00eda exploradora: Indicada en casos de dolor abdominal, torsi\u00f3n o ruptura de quistes, enfermedad p\u00e9lvica inflamatoria, abscesos o endometriosis.<\/li><li>Recanalizaci\u00f3n tub\u00e1rica: Procedimiento para revertir ligadura de trompas en mujeres que desean un nuevo embarazo.<p><br \/><br \/><strong><em>Todos estos procedimientos pueden realizarse por cirug\u00eda laparosc\u00f3pica (m\u00ednima invasi\u00f3n).<\/em><\/strong><\/p><\/li><\/ul><p>\u00a0<\/p><\/li><\/ul>\n            \t\t<\/div>\n\n\t\t\t\t\t\t<\/div>\n\t\t\t\t<\/div>\n\t\t\t\t\t<\/div>\n\t\t<\/div>\n\t\t\t\t<div class=\"elementor-column elementor-col-50 elementor-top-column elementor-element elementor-element-5a570c1\" data-id=\"5a570c1\" data-element_type=\"column\" data-e-type=\"column\">\n\t\t\t<div class=\"elementor-widget-wrap elementor-element-populated\">\n\t\t\t\t\t\t<div class=\"elementor-element elementor-element-bc8cb69 elementor-widget elementor-widget-themedraft_section_title\" data-id=\"bc8cb69\" data-element_type=\"widget\" data-e-type=\"widget\" data-widget_type=\"themedraft_section_title.default\">\n\t\t\t\t<div class=\"elementor-widget-container\">\n\t\t\t\t\t\n\t\t<div class=\"td-section-title-wrapper\">\n            <div class=\"td-section-title-content td-secondary-font\">\n                                    <div class=\"td-section-title-bg-text\">\n                        Cancer                    <\/div>\n                \n                                    <div class=\"td-section-subtitle td-primary-color\">\n                        Tipos de canceres                    <\/div>\n                \n                                    <div class=\"td-section-title\">\n                        <h2>Cirug\u00edas vaginales y reconstructivas<\/h2>                    <\/div>\n                                        <div class=\"title-bottom-line\" style=\"background-image: url(https:\/\/demo.themedraft.net\/wp\/doctio\/wp-content\/uploads\/2022\/06\/line-1.png)\"><\/div>\n                                                <\/div>\n\t\t<\/div>\n\t\t\t\t\t\t<\/div>\n\t\t\t\t<\/div>\n\t\t\t\t<div class=\"elementor-element elementor-element-61c2250 elementor-widget elementor-widget-themeDraft_accordion\" data-id=\"61c2250\" data-element_type=\"widget\" data-e-type=\"widget\" data-widget_type=\"themeDraft_accordion.default\">\n\t\t\t\t<div class=\"elementor-widget-container\">\n\t\t\t\t\t        <div class=\"td-accordion-wrapper td-accordion-wrapper-93113\">\n            <div class=\"accordion\" id=\"td-accordion-93113\">\n\n\t\t\t\t                        <div class=\"accordion-item\">\n                            <h2 class=\"accordion-header\">\n                                <button class=\"accordion-button \" type=\"button\" data-bs-toggle=\"collapse\" data-bs-target=\"#collapse-193113\" aria-expanded=\"true\" aria-controls=\"collapse-193113\">\n\t\t\t\t\t\t\t\t\t01. Histerectom\u00eda vaginal, con o sin reconstrucci\u00f3n:                                 <\/button>\n                            <\/h2>\n\n                            <div id=\"collapse-193113\" class=\"accordion-collapse collapse show\" data-bs-parent=\"#td-accordion-93113\">\n                                <div class=\"accordion-body\">\n\t\t\t\t\t\t\t\t\t<ul><li><p>\u00datil en casos de prolapsos uterinos.<\/p><\/li><\/ul>                                <\/div>\n                            <\/div>\n                        <\/div>\n\t\t\t\t\t\t                        <div class=\"accordion-item\">\n                            <h2 class=\"accordion-header\">\n                                <button class=\"accordion-button collapsed\" type=\"button\" data-bs-toggle=\"collapse\" data-bs-target=\"#collapse-293113\" aria-expanded=\"false\" aria-controls=\"collapse-293113\">\n\t\t\t\t\t\t\t\t\t02. Colpoperinoplast\u00eda:                                <\/button>\n                            <\/h2>\n\n                            <div id=\"collapse-293113\" class=\"accordion-collapse collapse \" data-bs-parent=\"#td-accordion-93113\">\n                                <div class=\"accordion-body\">\n\t\t\t\t\t\t\t\t\t<ul><li>Reconstrucci\u00f3n vaginal por prolapsos de \u00f3rganos p\u00e9lvicos.<\/li><\/ul>                                <\/div>\n                            <\/div>\n                        <\/div>\n\t\t\t\t\t\t                        <div class=\"accordion-item\">\n                            <h2 class=\"accordion-header\">\n                                <button class=\"accordion-button collapsed\" type=\"button\" data-bs-toggle=\"collapse\" data-bs-target=\"#collapse-393113\" aria-expanded=\"false\" aria-controls=\"collapse-393113\">\n\t\t\t\t\t\t\t\t\t03. Vaginoplast\u00eda:                                 <\/button>\n                            <\/h2>\n\n                            <div id=\"collapse-393113\" class=\"accordion-collapse collapse \" data-bs-parent=\"#td-accordion-93113\">\n                                <div class=\"accordion-body\">\n\t\t\t\t\t\t\t\t\t<p>Cirug\u00eda est\u00e9tica o funcional del canal vaginal.<\/p>                                <\/div>\n                            <\/div>\n                        <\/div>\n\t\t\t\t\t\t                        <div class=\"accordion-item\">\n                            <h2 class=\"accordion-header\">\n                                <button class=\"accordion-button collapsed\" type=\"button\" data-bs-toggle=\"collapse\" data-bs-target=\"#collapse-493113\" aria-expanded=\"false\" aria-controls=\"collapse-493113\">\n\t\t\t\t\t\t\t\t\t04. Cirug\u00eda de reasignaci\u00f3n de g\u00e9nero                                <\/button>\n                            <\/h2>\n\n                            <div id=\"collapse-493113\" class=\"accordion-collapse collapse \" data-bs-parent=\"#td-accordion-93113\">\n                                <div class=\"accordion-body\">\n\t\t\t\t\t\t\t\t\t<ul><li><p>Formaci\u00f3n de neovagina en mujeres trans.<\/p><\/li><\/ul>                                <\/div>\n                            <\/div>\n                        <\/div>\n\t\t\t\t\t\t                        <div class=\"accordion-item\">\n                            <h2 class=\"accordion-header\">\n                                <button class=\"accordion-button collapsed\" type=\"button\" data-bs-toggle=\"collapse\" data-bs-target=\"#collapse-593113\" aria-expanded=\"false\" aria-controls=\"collapse-593113\">\n\t\t\t\t\t\t\t\t\t05. Bartholinectom\u00eda \/ Marsupializaci\u00f3n:                                 <\/button>\n                            <\/h2>\n\n                            <div id=\"collapse-593113\" class=\"accordion-collapse collapse \" data-bs-parent=\"#td-accordion-93113\">\n                                <div class=\"accordion-body\">\n\t\t\t\t\t\t\t\t\t<p>Tratamiento de abscesos de gl\u00e1ndulas de Bartholini.<\/p>                                <\/div>\n                            <\/div>\n                        <\/div>\n\t\t\t\t\t\t                        <div class=\"accordion-item\">\n                            <h2 class=\"accordion-header\">\n                                <button class=\"accordion-button collapsed\" type=\"button\" data-bs-toggle=\"collapse\" data-bs-target=\"#collapse-693113\" aria-expanded=\"false\" aria-controls=\"collapse-693113\">\n\t\t\t\t\t\t\t\t\t06. Histeroscopia:                                 <\/button>\n                            <\/h2>\n\n                            <div id=\"collapse-693113\" class=\"accordion-collapse collapse \" data-bs-parent=\"#td-accordion-93113\">\n                                <div class=\"accordion-body\">\n\t\t\t\t\t\t\t\t\t<ul><li>Procedimiento m\u00ednimamente invasivo v\u00eda vaginal para resecci\u00f3n de p\u00f3lipos, miomas, tabiques uterinos o toma de biopsias endometriales.<\/li><\/ul>                                <\/div>\n                            <\/div>\n                        <\/div>\n\t\t\t\t\t\t            <\/div>\n        <\/div>\n\t\t\t\t\t\t<\/div>\n\t\t\t\t<\/div>\n\t\t\t\t\t<\/div>\n\t\t<\/div>\n\t\t\t\t\t<\/div>\n\t\t<\/section>\n\t\t\t\t<section class=\"elementor-section elementor-top-section elementor-element elementor-element-74518dff elementor-section-full_width elementor-section-stretched elementor-section-height-default elementor-section-height-default\" data-id=\"74518dff\" data-element_type=\"section\" data-e-type=\"section\" data-settings=\"{&quot;stretch_section&quot;:&quot;section-stretched&quot;,&quot;background_background&quot;:&quot;gradient&quot;}\">\n\t\t\t\t\t\t<div class=\"elementor-container elementor-column-gap-no\">\n\t\t\t\t\t<div class=\"elementor-column elementor-col-100 elementor-top-column elementor-element elementor-element-62f14d7d\" data-id=\"62f14d7d\" data-element_type=\"column\" data-e-type=\"column\">\n\t\t\t<div class=\"elementor-widget-wrap elementor-element-populated\">\n\t\t\t\t\t\t<div class=\"elementor-element elementor-element-9ceb342 elementor-widget elementor-widget-themedraft_cta_one\" data-id=\"9ceb342\" data-element_type=\"widget\" data-e-type=\"widget\" data-widget_type=\"themedraft_cta_one.default\">\n\t\t\t\t<div class=\"elementor-widget-container\">\n\t\t\t\t\t\t\t<div class=\"td-cta-one-wrapper td-primary-bg td-secondary-font\">\n\t\t\t<div class=\"container\">\n\t\t\t\t<div class=\"row\">\n\t\t\t\t\t<div class=\"col-12\">\n\t\t\t\t\t\t<div class=\"cta-one-text text-center\">\n\t\t\t\t\t\t\t<h1><strong>Planificaci\u00f3n familiar<\/strong><\/h1><p>\u2022<b>Asesor\u00eda y colocaci\u00f3n de m\u00e9todos anticonceptivos:<\/b><\/p><ul><li>Pastillas anticonceptivas<br \/>DIU (preferencia actual por dispositivos de plata o hormonales como Mirena, Kyleena, Jaydess)<br \/>Parches anticonceptivos<br \/>Implante subd\u00e9rmico (brazo<\/li><\/ul>\t\t\t\t\t\t<\/div>\n\t\t\t\t\t<\/div>\n\t\t\t\t<\/div>\n\t\t\t<\/div>\n\t\t<\/div>\n\t\t\t\t\t\t<\/div>\n\t\t\t\t<\/div>\n\t\t\t\t\t<\/div>\n\t\t<\/div>\n\t\t\t\t\t<\/div>\n\t\t<\/section>\n\t\t\t\t<section class=\"elementor-section elementor-top-section elementor-element elementor-element-f55a8fd elementor-section-full_width elementor-section-stretched elementor-section-height-default elementor-section-height-default\" data-id=\"f55a8fd\" data-element_type=\"section\" data-e-type=\"section\" data-settings=\"{&quot;stretch_section&quot;:&quot;section-stretched&quot;,&quot;background_background&quot;:&quot;classic&quot;}\">\n\t\t\t\t\t\t<div class=\"elementor-container elementor-column-gap-no\">\n\t\t\t\t\t<div class=\"elementor-column elementor-col-100 elementor-top-column elementor-element elementor-element-a98166b\" data-id=\"a98166b\" data-element_type=\"column\" data-e-type=\"column\">\n\t\t\t<div class=\"elementor-widget-wrap elementor-element-populated\">\n\t\t\t\t\t\t<div class=\"elementor-element elementor-element-a90551e elementor-widget elementor-widget-themedraft_cta_one\" data-id=\"a90551e\" data-element_type=\"widget\" data-e-type=\"widget\" data-widget_type=\"themedraft_cta_one.default\">\n\t\t\t\t<div class=\"elementor-widget-container\">\n\t\t\t\t\t\t\t<div class=\"td-cta-one-wrapper td-primary-bg td-secondary-font\">\n\t\t\t<div class=\"container\">\n\t\t\t\t<div class=\"row\">\n\t\t\t\t\t<div class=\"col-12\">\n\t\t\t\t\t\t<div class=\"cta-one-text text-center\">\n\t\t\t\t\t\t\t\t\t\t\t\t\t<\/div>\n\t\t\t\t\t<\/div>\n\t\t\t\t<\/div>\n\t\t\t<\/div>\n\t\t<\/div>\n\t\t\t\t\t\t<\/div>\n\t\t\t\t<\/div>\n\t\t\t\t\t<\/div>\n\t\t<\/div>\n\t\t\t\t\t<\/div>\n\t\t<\/section>\n\t\t\t\t<section class=\"elementor-section elementor-top-section elementor-element elementor-element-611e392 elementor-section-full_width elementor-section-stretched elementor-section-height-default elementor-section-height-default\" data-id=\"611e392\" data-element_type=\"section\" data-e-type=\"section\" data-settings=\"{&quot;stretch_section&quot;:&quot;section-stretched&quot;,&quot;background_background&quot;:&quot;classic&quot;}\">\n\t\t\t\t\t\t<div class=\"elementor-container elementor-column-gap-no\">\n\t\t\t\t\t<div class=\"elementor-column elementor-col-100 elementor-top-column elementor-element elementor-element-ceb7fdb\" data-id=\"ceb7fdb\" data-element_type=\"column\" data-e-type=\"column\">\n\t\t\t<div class=\"elementor-widget-wrap elementor-element-populated\">\n\t\t\t\t\t\t<div class=\"elementor-element elementor-element-b07e283 elementor-widget elementor-widget-themedraft_cta_one\" data-id=\"b07e283\" data-element_type=\"widget\" data-e-type=\"widget\" data-widget_type=\"themedraft_cta_one.default\">\n\t\t\t\t<div class=\"elementor-widget-container\">\n\t\t\t\t\t\t\t<div class=\"td-cta-one-wrapper td-primary-bg td-secondary-font\">\n\t\t\t<div class=\"container\">\n\t\t\t\t<div class=\"row\">\n\t\t\t\t\t<div class=\"col-12\">\n\t\t\t\t\t\t<div class=\"cta-one-text text-center\">\n\t\t\t\t\t\t\t<h1><strong>Colposcopia y prevenci\u00f3n del c\u00e1ncer cervical<\/strong><\/h1><p>Diagn\u00f3stico y tratamiento de lesiones precursoras de c\u00e1ncer cervicouterino causadas por el virus del papiloma humano (VPH).<\/p><p>Seg\u00fan el grado de la lesi\u00f3n (alto o bajo), se pueden ofrecer procedimientos como:<\/p><ul><li style=\"text-align: left;\">L\u00e1ser cervical<\/li><li style=\"text-align: left;\">Esfer\u00f3lisis<\/li><li style=\"text-align: left;\">ASA (Ablaci\u00f3n con Asa)<\/li><li style=\"text-align: left;\">Conizaci\u00f3n cervical<\/li><\/ul>\t\t\t\t\t\t<\/div>\n\t\t\t\t\t<\/div>\n\t\t\t\t<\/div>\n\t\t\t<\/div>\n\t\t<\/div>\n\t\t\t\t\t\t<\/div>\n\t\t\t\t<\/div>\n\t\t\t\t\t<\/div>\n\t\t<\/div>\n\t\t\t\t\t<\/div>\n\t\t<\/section>\n\t\t\t\t<\/div>\n\t\t","protected":false},"excerpt":{"rendered":"<p>Por que es importante la Atenci\u00f3n integral a la salud de la mujer (no embarazada), con un enfoque quir\u00fargico y diagn\u00f3stico especializado. Los procedimientos m\u00e1s comunes incluyen: Cirug\u00edas ginecol\u00f3gicas: Histerectom\u00eda (retiro del \u00fatero): Indicada principalmente por miomas uterinos o sangrados irregulares, especialmente en mujeres postmenop\u00e1usicas. Ooforectom\u00eda (retiro de un ovario): Frecuente en casos de quistes [&hellip;]<\/p>\n","protected":false},"author":1,"featured_media":1213,"parent":0,"menu_order":0,"comment_status":"closed","ping_status":"closed","template":"","meta":{"footnotes":""},"class_list":["post-1253","page","type-page","status-publish","has-post-thumbnail","hentry"],"_links":{"self":[{"href":"https:\/\/www.ginecologiayoncologia.com\/pag\/wp-json\/wp\/v2\/pages\/1253","targetHints":{"allow":["GET"]}}],"collection":[{"href":"https:\/\/www.ginecologiayoncologia.com\/pag\/wp-json\/wp\/v2\/pages"}],"about":[{"href":"https:\/\/www.ginecologiayoncologia.com\/pag\/wp-json\/wp\/v2\/types\/page"}],"author":[{"embeddable":true,"href":"https:\/\/www.ginecologiayoncologia.com\/pag\/wp-json\/wp\/v2\/users\/1"}],"replies":[{"embeddable":true,"href":"https:\/\/www.ginecologiayoncologia.com\/pag\/wp-json\/wp\/v2\/comments?post=1253"}],"version-history":[{"count":37,"href":"https:\/\/www.ginecologiayoncologia.com\/pag\/wp-json\/wp\/v2\/pages\/1253\/revisions"}],"predecessor-version":[{"id":1321,"href":"https:\/\/www.ginecologiayoncologia.com\/pag\/wp-json\/wp\/v2\/pages\/1253\/revisions\/1321"}],"wp:featuredmedia":[{"embeddable":true,"href":"https:\/\/www.ginecologiayoncologia.com\/pag\/wp-json\/wp\/v2\/media\/1213"}],"wp:attachment":[{"href":"https:\/\/www.ginecologiayoncologia.com\/pag\/wp-json\/wp\/v2\/media?parent=1253"}],"curies":[{"name":"wp","href":"https:\/\/api.w.org\/{rel}","templated":true}]}}